{"id":159,"date":"2026-01-29T10:01:00","date_gmt":"2026-01-29T09:01:00","guid":{"rendered":"http:\/\/dinrost.goteborg.se\/?page_id=159"},"modified":"2026-01-29T15:15:17","modified_gmt":"2026-01-29T14:15:17","slug":"studiecirkel-mitt-val","status":"publish","type":"page","link":"https:\/\/dinrost.goteborg.se\/?page_id=159","title":{"rendered":"Studiecirkel Mitt val"},"content":{"rendered":"\n<p>Mandolingatans Bostad med s\u00e4rskild service i Sydv\u00e4st har g\u00e5tt studiecirkeln Mitt val.<br>Kursledaren har ber\u00e4ttat om hur man g\u00f6r n\u00e4r man r\u00f6star<br>Och varf\u00f6r man ska r\u00f6sta.<br>De har ocks\u00e5 spelat spel.<\/p>\n\n\n\n<p><a href=\"https:\/\/begripsamlabs.se\/\">Mitt val | Gissa partiet<\/a><\/p>\n\n\n\n<p><a href=\"https:\/\/mittval.nu\/vem-bestammer\/\">Mitt val &#8211; Vem best\u00e4mmer<\/a><\/p>\n\n\n\n<p>Deltagarna ber\u00e4ttar att det har g\u00e5tt bra.<br>Det har varit l\u00e4rorikt men ibland komplicerat.<br>Alla ska g\u00e5 och r\u00f6sta.<\/p>\n\n\n\n<figure class=\"wp-block-image size-full\"><img loading=\"lazy\" decoding=\"async\" width=\"970\" height=\"377\" src=\"http:\/\/dinrost.goteborg.se\/wp-content\/uploads\/2022\/07\/Namnlos-2.png\" alt=\"\" class=\"wp-image-432\" srcset=\"https:\/\/dinrost.goteborg.se\/wp-content\/uploads\/2022\/07\/Namnlos-2.png 970w, https:\/\/dinrost.goteborg.se\/wp-content\/uploads\/2022\/07\/Namnlos-2-300x117.png 300w, https:\/\/dinrost.goteborg.se\/wp-content\/uploads\/2022\/07\/Namnlos-2-768x298.png 768w\" sizes=\"auto, (max-width: 970px) 100vw, 970px\" \/><figcaption>Bild p\u00e5 demokrati och fika<\/figcaption><\/figure>\n\n\n\n<p><strong>Vad \u00e4r mitt val?<br><\/strong>Mitt val \u00e4r en studiecirkel<br>om hur v\u00e5r demokrati fungerar<br>och hur det g\u00e5r till att r\u00f6sta.<\/p>\n\n\n\n<p>Om en demokrati ska vara stark<br>m\u00e5ste s\u00e5 m\u00e5nga som m\u00f6jligt<br>vara med och r\u00f6sta.<br>D\u00e4rf\u00f6r \u00e4r Mitt val viktigt!<\/p>\n\n\n\n<p><strong>Kort om mitt val<br><\/strong>I en studiecirkel tr\u00e4ffas vi f\u00f6r att l\u00e4ra oss.<br>\u2022 Cirkelledaren hj\u00e4lper er med studierna.<br>\u2022 Studiecirkeln Mitt val \u00e4r uppdelad p\u00e5 7 tr\u00e4ffar och varje tr\u00e4ff \u00e4r 2 timmar och 15 minuter.<br>\u2022 I cirkeln ska vi tillsammans l\u00e4ra oss om hur demokrati fungerar.<br>\u2022 Vi ska prata om olika s\u00e4tt att p\u00e5verka de som best\u00e4mmer i samh\u00e4llet.<br>\u2022 Vi ska tr\u00e4na oss p\u00e5 att r\u00f6sta i olika val och att st\u00e4lla fr\u00e5gor.<\/p>\n\n\n\n<figure class=\"wp-block-image size-full\"><img loading=\"lazy\" decoding=\"async\" width=\"893\" height=\"355\" src=\"https:\/\/dinrost.goteborg.se\/wp-content\/uploads\/2022\/04\/Bild1.png\" alt=\"\" class=\"wp-image-160\" srcset=\"https:\/\/dinrost.goteborg.se\/wp-content\/uploads\/2022\/04\/Bild1.png 893w, https:\/\/dinrost.goteborg.se\/wp-content\/uploads\/2022\/04\/Bild1-300x119.png 300w, https:\/\/dinrost.goteborg.se\/wp-content\/uploads\/2022\/04\/Bild1-768x305.png 768w\" sizes=\"auto, (max-width: 893px) 100vw, 893px\" \/><figcaption>Bild p\u00e5 Mitt val<\/figcaption><\/figure>\n\n\n\n<p><strong>Inneh\u00e5llet i studiecirkeln:<br><\/strong>Hur fungerar demokrati?<br>Hur kan vi alla bidra till att demokratin fungerar?<br>Hur kan vi p\u00e5 olika s\u00e4tt p\u00e5verka de som best\u00e4mmer i samh\u00e4llet?<br>Vem f\u00e5r r\u00f6sta och varf\u00f6r ska du r\u00f6sta?<br>Vad \u00e4r demokrati i region och kommun?<br>Vad \u00e4r riksdagen? Vad \u00e4r regeringen?<br>Vad \u00e4r EU?<br>Vi tr\u00e4nar p\u00e5 hur det \u00e4r att r\u00f6sta i olika val och att st\u00e4lla fr\u00e5gor<\/p>\n\n\n\n<p><\/p>\n\n\n\n<figure class=\"wp-block-image size-full is-resized\"><img loading=\"lazy\" decoding=\"async\" src=\"https:\/\/dinrost.goteborg.se\/wp-content\/uploads\/2022\/04\/Fragor-och-svar.pdf.7SiIssTDMUANGAA.8RaQGkJMqh.jpg\" alt=\"\" class=\"wp-image-161\" width=\"203\" height=\"203\" srcset=\"https:\/\/dinrost.goteborg.se\/wp-content\/uploads\/2022\/04\/Fragor-och-svar.pdf.7SiIssTDMUANGAA.8RaQGkJMqh.jpg 800w, https:\/\/dinrost.goteborg.se\/wp-content\/uploads\/2022\/04\/Fragor-och-svar.pdf.7SiIssTDMUANGAA.8RaQGkJMqh-300x300.jpg 300w, https:\/\/dinrost.goteborg.se\/wp-content\/uploads\/2022\/04\/Fragor-och-svar.pdf.7SiIssTDMUANGAA.8RaQGkJMqh-150x150.jpg 150w, https:\/\/dinrost.goteborg.se\/wp-content\/uploads\/2022\/04\/Fragor-och-svar.pdf.7SiIssTDMUANGAA.8RaQGkJMqh-768x768.jpg 768w\" sizes=\"auto, (max-width: 203px) 100vw, 203px\" \/><figcaption>En pratbubbla med ett fr\u00e5getecken och en med ett utropstecken<\/figcaption><\/figure>\n\n\n\n<p><strong>L\u00e4s mer p\u00e5 Studief\u00f6rbundet Vuxenskola<\/strong><\/p>\n\n\n\n<p><a href=\"https:\/\/www.sv.se\/om-sv\/mitt-val\/?laslage=lattlast\">Metoden Mitt val &#8211; SV<\/a><\/p>\n\n\n\n<p><\/p>\n","protected":false},"excerpt":{"rendered":"<p>Mandolingatans Bostad med s\u00e4rskild service i Sydv\u00e4st har g\u00e5tt studiecirkeln Mitt val.Kursledaren har ber\u00e4ttat om hur man g\u00f6r n\u00e4r man r\u00f6starOch varf\u00f6r man ska r\u00f6sta.De har ocks\u00e5 spelat spel. Mitt val | Gissa partiet Mitt val &#8211; Vem best\u00e4mmer Deltagarna ber\u00e4ttar att det har g\u00e5tt bra.Det har varit l\u00e4rorikt men ibland komplicerat.Alla ska g\u00e5 och &hellip; <a href=\"https:\/\/dinrost.goteborg.se\/?page_id=159\" class=\"more-link\">Forts\u00e4tt l\u00e4sa <span class=\"screen-reader-text\">Studiecirkel Mitt val<\/span><\/a><\/p>\n","protected":false},"author":1,"featured_media":0,"parent":0,"menu_order":0,"comment_status":"closed","ping_status":"closed","template":"","meta":{"footnotes":""},"class_list":["post-159","page","type-page","status-publish","hentry"],"_links":{"self":[{"href":"https:\/\/dinrost.goteborg.se\/index.php?rest_route=\/wp\/v2\/pages\/159","targetHints":{"allow":["GET"]}}],"collection":[{"href":"https:\/\/dinrost.goteborg.se\/index.php?rest_route=\/wp\/v2\/pages"}],"about":[{"href":"https:\/\/dinrost.goteborg.se\/index.php?rest_route=\/wp\/v2\/types\/page"}],"author":[{"embeddable":true,"href":"https:\/\/dinrost.goteborg.se\/index.php?rest_route=\/wp\/v2\/users\/1"}],"replies":[{"embeddable":true,"href":"https:\/\/dinrost.goteborg.se\/index.php?rest_route=%2Fwp%2Fv2%2Fcomments&post=159"}],"version-history":[{"count":6,"href":"https:\/\/dinrost.goteborg.se\/index.php?rest_route=\/wp\/v2\/pages\/159\/revisions"}],"predecessor-version":[{"id":433,"href":"https:\/\/dinrost.goteborg.se\/index.php?rest_route=\/wp\/v2\/pages\/159\/revisions\/433"}],"wp:attachment":[{"href":"https:\/\/dinrost.goteborg.se\/index.php?rest_route=%2Fwp%2Fv2%2Fmedia&parent=159"}],"curies":[{"name":"wp","href":"https:\/\/api.w.org\/{rel}","templated":true}]}}