{"id":227,"date":"2026-01-29T11:28:00","date_gmt":"2026-01-29T10:28:00","guid":{"rendered":"http:\/\/dinrost.goteborg.se\/?page_id=227"},"modified":"2026-01-29T14:52:15","modified_gmt":"2026-01-29T13:52:15","slug":"riksdag-och-regering","status":"publish","type":"page","link":"https:\/\/dinrost.goteborg.se\/?page_id=227","title":{"rendered":"Riksdag och regering"},"content":{"rendered":"\n<figure class=\"wp-block-image size-large\"><a href=\"https:\/\/www.riksdagen.se\/sv-LL\/sprak\/lattlast\/\"><img loading=\"lazy\" decoding=\"async\" width=\"1024\" height=\"377\" src=\"https:\/\/dinrost.goteborg.se\/wp-content\/uploads\/2022\/05\/ECZD52AXUAAVqna-1024x377.png\" alt=\"\" class=\"wp-image-228\" srcset=\"https:\/\/dinrost.goteborg.se\/wp-content\/uploads\/2022\/05\/ECZD52AXUAAVqna-1024x377.png 1024w, https:\/\/dinrost.goteborg.se\/wp-content\/uploads\/2022\/05\/ECZD52AXUAAVqna-300x111.png 300w, https:\/\/dinrost.goteborg.se\/wp-content\/uploads\/2022\/05\/ECZD52AXUAAVqna-768x283.png 768w, https:\/\/dinrost.goteborg.se\/wp-content\/uploads\/2022\/05\/ECZD52AXUAAVqna.png 1200w\" sizes=\"auto, (max-width: 1024px) 100vw, 1024px\" \/><\/a><\/figure>\n\n\n\n<p>Klicka p\u00e5 bilden f\u00f6r att l\u00e4ra dig om demokrati och om riksdagen.<\/p>\n\n\n\n<p><\/p>\n\n\n\n<p><\/p>\n\n\n\n<p><\/p>\n\n\n\n<p><\/p>\n\n\n\n<p><\/p>\n\n\n\n<figure class=\"wp-block-image size-full\"><a href=\"https:\/\/regeringen.se\/lattlast-information-om-regeringen-och-regeringskansliet\/\"><img loading=\"lazy\" decoding=\"async\" width=\"625\" height=\"209\" src=\"https:\/\/dinrost.goteborg.se\/wp-content\/uploads\/2022\/05\/Namnlos.png\" alt=\"\" class=\"wp-image-229\" srcset=\"https:\/\/dinrost.goteborg.se\/wp-content\/uploads\/2022\/05\/Namnlos.png 625w, https:\/\/dinrost.goteborg.se\/wp-content\/uploads\/2022\/05\/Namnlos-300x100.png 300w\" sizes=\"auto, (max-width: 625px) 100vw, 625px\" \/><\/a><\/figure>\n\n\n\n<p>Klicka p\u00e5 bilden f\u00f6r att l\u00e4ra dig om regeringen och regeringskansliet.<\/p>\n","protected":false},"excerpt":{"rendered":"<p>Klicka p\u00e5 bilden f\u00f6r att l\u00e4ra dig om demokrati och om riksdagen. Klicka p\u00e5 bilden f\u00f6r att l\u00e4ra dig om regeringen och regeringskansliet.<\/p>\n","protected":false},"author":1,"featured_media":0,"parent":0,"menu_order":0,"comment_status":"closed","ping_status":"closed","template":"","meta":{"footnotes":""},"class_list":["post-227","page","type-page","status-publish","hentry"],"_links":{"self":[{"href":"https:\/\/dinrost.goteborg.se\/index.php?rest_route=\/wp\/v2\/pages\/227","targetHints":{"allow":["GET"]}}],"collection":[{"href":"https:\/\/dinrost.goteborg.se\/index.php?rest_route=\/wp\/v2\/pages"}],"about":[{"href":"https:\/\/dinrost.goteborg.se\/index.php?rest_route=\/wp\/v2\/types\/page"}],"author":[{"embeddable":true,"href":"https:\/\/dinrost.goteborg.se\/index.php?rest_route=\/wp\/v2\/users\/1"}],"replies":[{"embeddable":true,"href":"https:\/\/dinrost.goteborg.se\/index.php?rest_route=%2Fwp%2Fv2%2Fcomments&post=227"}],"version-history":[{"count":4,"href":"https:\/\/dinrost.goteborg.se\/index.php?rest_route=\/wp\/v2\/pages\/227\/revisions"}],"predecessor-version":[{"id":235,"href":"https:\/\/dinrost.goteborg.se\/index.php?rest_route=\/wp\/v2\/pages\/227\/revisions\/235"}],"wp:attachment":[{"href":"https:\/\/dinrost.goteborg.se\/index.php?rest_route=%2Fwp%2Fv2%2Fmedia&parent=227"}],"curies":[{"name":"wp","href":"https:\/\/api.w.org\/{rel}","templated":true}]}}