{"id":23,"date":"2022-04-13T09:47:07","date_gmt":"2022-04-13T07:47:07","guid":{"rendered":"http:\/\/dinrost.goteborg.se\/?page_id=23"},"modified":"2026-01-29T13:23:31","modified_gmt":"2026-01-29T12:23:31","slug":"om-din-rost","status":"publish","type":"page","link":"https:\/\/dinrost.goteborg.se\/?page_id=23","title":{"rendered":"Om din r\u00f6st"},"content":{"rendered":"\n<p>Din r\u00f6st \u00e4r en webbplats om valet 2026 f\u00f6r dig som f\u00e5r st\u00f6d av f\u00f6rvaltningen f\u00f6r funktionsst\u00f6d i G\u00f6teborgs Stad.<\/p>\n\n\n\n<figure class=\"wp-block-image size-full is-resized\"><img loading=\"lazy\" decoding=\"async\" width=\"1440\" height=\"858\" src=\"http:\/\/dinrost.goteborg.se\/wp-content\/uploads\/2026\/01\/loggo-Valet-2026-1.png\" alt=\"Logga: Pratbubbla i lila f\u00e4rg med texten Din r\u00f6st, Val 2026\" class=\"wp-image-667\" style=\"width:409px;height:243px\" srcset=\"https:\/\/dinrost.goteborg.se\/wp-content\/uploads\/2026\/01\/loggo-Valet-2026-1.png 1440w, https:\/\/dinrost.goteborg.se\/wp-content\/uploads\/2026\/01\/loggo-Valet-2026-1-300x179.png 300w, https:\/\/dinrost.goteborg.se\/wp-content\/uploads\/2026\/01\/loggo-Valet-2026-1-1024x610.png 1024w, https:\/\/dinrost.goteborg.se\/wp-content\/uploads\/2026\/01\/loggo-Valet-2026-1-768x458.png 768w\" sizes=\"auto, (max-width: 1440px) 100vw, 1440px\" \/><\/figure>\n\n\n\n<p>Vi som st\u00e5r bakom Din r\u00f6st \u00e4r f\u00f6rvaltningen f\u00f6r funktionsst\u00f6d.<\/p>\n\n\n\n<p><br><strong>Demokrati<\/strong><br>Demokrati handlar om att alla m\u00e4nniskor<br>\u00e4r lika mycket v\u00e4rda.<br>Demokrati handlar om att alla m\u00e4nniskor<br>ska ha lika r\u00e4ttigheter.<br>Demokrati handlar om att folket har m\u00f6jlighet<br>att vara med och best\u00e4mma.<\/p>\n\n\n\n<p>Sverige har demokrati.<br>Det inneb\u00e4r att folket v\u00e4ljer<br>vilka som ska best\u00e4mma i riksdagen.<br>Det st\u00e5r skrivet i en av v\u00e5ra grundlagar<br>som heter regeringsformen.<\/p>\n\n\n\n<p><strong>Val vart fj\u00e4rde \u00e5r i Sverige<\/strong><br>Det \u00e4r val till riksdagen<br>en g\u00e5ng vart fj\u00e4rde \u00e5r.<br>D\u00e5 v\u00e4ljer folket vilka<br>personer som ska sitta i riksdagen.<\/p>\n\n\n\n<p><\/p>\n\n\n\n<p><\/p>\n\n\n\n<figure class=\"wp-block-image size-full is-resized\"><img loading=\"lazy\" decoding=\"async\" width=\"696\" height=\"963\" src=\"http:\/\/dinrost.goteborg.se\/wp-content\/uploads\/2022\/05\/demokrati.png\" alt=\"\" class=\"wp-image-270\" style=\"width:688px;height:950px\" srcset=\"https:\/\/dinrost.goteborg.se\/wp-content\/uploads\/2022\/05\/demokrati.png 696w, https:\/\/dinrost.goteborg.se\/wp-content\/uploads\/2022\/05\/demokrati-217x300.png 217w\" sizes=\"auto, (max-width: 696px) 100vw, 696px\" \/><\/figure>\n\n\n\n<p><\/p>\n","protected":false},"excerpt":{"rendered":"<p>Din r\u00f6st \u00e4r en webbplats om valet 2026 f\u00f6r dig som f\u00e5r st\u00f6d av f\u00f6rvaltningen f\u00f6r funktionsst\u00f6d i G\u00f6teborgs Stad. Vi som st\u00e5r bakom Din r\u00f6st \u00e4r f\u00f6rvaltningen f\u00f6r funktionsst\u00f6d. DemokratiDemokrati handlar om att alla m\u00e4nniskor\u00e4r lika mycket v\u00e4rda.Demokrati handlar om att alla m\u00e4nniskorska ha lika r\u00e4ttigheter.Demokrati handlar om att folket har m\u00f6jlighetatt vara med &hellip; <a href=\"https:\/\/dinrost.goteborg.se\/?page_id=23\" class=\"more-link\">Forts\u00e4tt l\u00e4sa <span class=\"screen-reader-text\">Om din r\u00f6st<\/span><\/a><\/p>\n","protected":false},"author":1,"featured_media":0,"parent":0,"menu_order":0,"comment_status":"closed","ping_status":"closed","template":"","meta":{"footnotes":""},"class_list":["post-23","page","type-page","status-publish","hentry"],"_links":{"self":[{"href":"https:\/\/dinrost.goteborg.se\/index.php?rest_route=\/wp\/v2\/pages\/23","targetHints":{"allow":["GET"]}}],"collection":[{"href":"https:\/\/dinrost.goteborg.se\/index.php?rest_route=\/wp\/v2\/pages"}],"about":[{"href":"https:\/\/dinrost.goteborg.se\/index.php?rest_route=\/wp\/v2\/types\/page"}],"author":[{"embeddable":true,"href":"https:\/\/dinrost.goteborg.se\/index.php?rest_route=\/wp\/v2\/users\/1"}],"replies":[{"embeddable":true,"href":"https:\/\/dinrost.goteborg.se\/index.php?rest_route=%2Fwp%2Fv2%2Fcomments&post=23"}],"version-history":[{"count":10,"href":"https:\/\/dinrost.goteborg.se\/index.php?rest_route=\/wp\/v2\/pages\/23\/revisions"}],"predecessor-version":[{"id":683,"href":"https:\/\/dinrost.goteborg.se\/index.php?rest_route=\/wp\/v2\/pages\/23\/revisions\/683"}],"wp:attachment":[{"href":"https:\/\/dinrost.goteborg.se\/index.php?rest_route=%2Fwp%2Fv2%2Fmedia&parent=23"}],"curies":[{"name":"wp","href":"https:\/\/api.w.org\/{rel}","templated":true}]}}