{"id":293,"date":"2026-01-29T14:45:27","date_gmt":"2026-01-29T13:45:27","guid":{"rendered":"http:\/\/dinrost.goteborg.se\/?page_id=293"},"modified":"2026-01-29T14:45:27","modified_gmt":"2026-01-29T13:45:27","slug":"nyheter-pa-latt-svenska","status":"publish","type":"page","link":"https:\/\/dinrost.goteborg.se\/?page_id=293","title":{"rendered":"Nyheter p\u00e5 l\u00e4tt svenska"},"content":{"rendered":"\n<figure class=\"wp-block-image size-full is-resized\"><img loading=\"lazy\" decoding=\"async\" src=\"https:\/\/dinrost.goteborg.se\/wp-content\/uploads\/2022\/06\/Lasa-tidning.png.7Sih7s3FMUANAA.PoRhmNPVDI.jpg\" alt=\"\" class=\"wp-image-294\" width=\"297\" height=\"445\" srcset=\"https:\/\/dinrost.goteborg.se\/wp-content\/uploads\/2022\/06\/Lasa-tidning.png.7Sih7s3FMUANAA.PoRhmNPVDI.jpg 534w, https:\/\/dinrost.goteborg.se\/wp-content\/uploads\/2022\/06\/Lasa-tidning.png.7Sih7s3FMUANAA.PoRhmNPVDI-200x300.jpg 200w\" sizes=\"auto, (max-width: 297px) 100vw, 297px\" \/><figcaption>Person som l\u00e4ser om olika saker<\/figcaption><\/figure>\n\n\n\n<p><\/p>\n\n\n\n<p><a href=\"https:\/\/www.svtplay.se\/nyheter-pa-latt-svenska\">Nyheter p\u00e5 l\u00e4tt svenska | SVT Play<\/a><\/p>\n\n\n\n<p><a href=\"https:\/\/sverigesradio.se\/klartext\">Klartext | Sveriges Radio<\/a><\/p>\n\n\n\n<p><a href=\"https:\/\/sverigesradio.se\/radioswedenpalattsvenska\">Radio Sweden p\u00e5 l\u00e4tt svenska | Sveriges Radio<\/a><\/p>\n\n\n\n<p><a href=\"https:\/\/8sidor.se\/kategori\/alla-valjare\/\">8 Sidor &#8211; Alla V\u00e4ljare<\/a><\/p>\n\n\n\n<figure class=\"wp-block-image size-full is-resized\"><a href=\"https:\/\/play.google.com\/store\/apps\/details?id=se.sidor.nyheter\"><img loading=\"lazy\" decoding=\"async\" src=\"http:\/\/dinrost.goteborg.se\/wp-content\/uploads\/2022\/06\/512x512bb.jpg\" alt=\"\" class=\"wp-image-335\" width=\"197\" height=\"197\" srcset=\"https:\/\/dinrost.goteborg.se\/wp-content\/uploads\/2022\/06\/512x512bb.jpg 512w, https:\/\/dinrost.goteborg.se\/wp-content\/uploads\/2022\/06\/512x512bb-300x300.jpg 300w, https:\/\/dinrost.goteborg.se\/wp-content\/uploads\/2022\/06\/512x512bb-150x150.jpg 150w\" sizes=\"auto, (max-width: 197px) 100vw, 197px\" \/><\/a><figcaption>8 sidor som app<\/figcaption><\/figure>\n","protected":false},"excerpt":{"rendered":"<p>Nyheter p\u00e5 l\u00e4tt svenska | SVT Play Klartext | Sveriges Radio Radio Sweden p\u00e5 l\u00e4tt svenska | Sveriges Radio 8 Sidor &#8211; Alla V\u00e4ljare<\/p>\n","protected":false},"author":1,"featured_media":0,"parent":0,"menu_order":0,"comment_status":"closed","ping_status":"closed","template":"","meta":{"footnotes":""},"class_list":["post-293","page","type-page","status-publish","hentry"],"_links":{"self":[{"href":"https:\/\/dinrost.goteborg.se\/index.php?rest_route=\/wp\/v2\/pages\/293","targetHints":{"allow":["GET"]}}],"collection":[{"href":"https:\/\/dinrost.goteborg.se\/index.php?rest_route=\/wp\/v2\/pages"}],"about":[{"href":"https:\/\/dinrost.goteborg.se\/index.php?rest_route=\/wp\/v2\/types\/page"}],"author":[{"embeddable":true,"href":"https:\/\/dinrost.goteborg.se\/index.php?rest_route=\/wp\/v2\/users\/1"}],"replies":[{"embeddable":true,"href":"https:\/\/dinrost.goteborg.se\/index.php?rest_route=%2Fwp%2Fv2%2Fcomments&post=293"}],"version-history":[{"count":2,"href":"https:\/\/dinrost.goteborg.se\/index.php?rest_route=\/wp\/v2\/pages\/293\/revisions"}],"predecessor-version":[{"id":336,"href":"https:\/\/dinrost.goteborg.se\/index.php?rest_route=\/wp\/v2\/pages\/293\/revisions\/336"}],"wp:attachment":[{"href":"https:\/\/dinrost.goteborg.se\/index.php?rest_route=%2Fwp%2Fv2%2Fmedia&parent=293"}],"curies":[{"name":"wp","href":"https:\/\/api.w.org\/{rel}","templated":true}]}}