{"id":31,"date":"2026-01-29T10:14:00","date_gmt":"2026-01-29T09:14:00","guid":{"rendered":"http:\/\/dinrost.goteborg.se\/?page_id=31"},"modified":"2026-01-29T14:41:56","modified_gmt":"2026-01-29T13:41:56","slug":"lar-dig-om-valet","status":"publish","type":"page","link":"https:\/\/dinrost.goteborg.se\/?page_id=31","title":{"rendered":"L\u00e4r dig om valet"},"content":{"rendered":"\n<figure class=\"wp-block-image size-full is-resized\"><a href=\"https:\/\/www.val.se\/servicelankar\/lattlast.html\"><img loading=\"lazy\" decoding=\"async\" width=\"472\" height=\"118\" src=\"http:\/\/dinrost.goteborg.se\/wp-content\/uploads\/2022\/04\/valmyndigheten.png\" alt=\"\" class=\"wp-image-32\" style=\"width:248px;height:62px\" srcset=\"https:\/\/dinrost.goteborg.se\/wp-content\/uploads\/2022\/04\/valmyndigheten.png 472w, https:\/\/dinrost.goteborg.se\/wp-content\/uploads\/2022\/04\/valmyndigheten-300x75.png 300w\" sizes=\"auto, (max-width: 472px) 100vw, 472px\" \/><\/a><\/figure>\n\n\n\n<p>P\u00e5 Valmyndigheten kan du l\u00e4ra dig om<\/p>\n\n\n\n<p><a href=\"https:\/\/www.val.se\/servicelankar\/servicelankar\/lattlast\/sa-fungerar-demokratin\">S\u00e5 fungerar demokratin<\/a><a href=\"https:\/\/www.val.se\/servicelankar\/lattlast\/sa-fungerar-demokratin.html\"><br><\/a><a href=\"https:\/\/www.val.se\/servicelankar\/servicelankar\/lattlast\/fyra-sorters-val\">Fyra sorters val<\/a><a href=\"https:\/\/www.val.se\/servicelankar\/lattlast\/fyra-sorters-val.html\"><br><\/a><a href=\"https:\/\/www.val.se\/servicelankar\/servicelankar\/lattlast\/vem-har-rostratt\">Vem har r\u00f6str\u00e4tt?<\/a><a href=\"https:\/\/www.val.se\/servicelankar\/lattlast\/vem-har-rostratt.html\"><br><\/a><a href=\"https:\/\/www.val.se\/servicelankar\/servicelankar\/lattlast\/rosta-pa-parti-och-person\">R\u00f6sta p\u00e5 parti och person<\/a><a href=\"https:\/\/www.val.se\/servicelankar\/lattlast\/rosta-pa-parti-och-person.html\"><br><\/a><a href=\"https:\/\/www.val.se\/servicelankar\/servicelankar\/lattlast\/satt-att-rosta\">S\u00e4tt att r\u00f6sta<\/a><a href=\"https:\/\/www.val.se\/servicelankar\/lattlast\/satt-att-rosta.html\"><br><\/a><a href=\"https:\/\/www.val.se\/servicelankar\/servicelankar\/lattlast\/rakna-roster\">R\u00e4kna r\u00f6ster<\/a><a href=\"https:\/\/www.val.se\/servicelankar\/lattlast\/rakna-roster.html\"><br><\/a><a href=\"https:\/\/www.val.se\/servicelankar\/servicelankar\/lattlast\/om-valmyndigheten\">Om Valmyndigheten<\/a><\/p>\n\n\n\n<p><\/p>\n\n\n\n<figure class=\"wp-block-image size-full is-resized\"><a href=\"https:\/\/8sidor.se\/\"><img loading=\"lazy\" decoding=\"async\" width=\"907\" height=\"103\" src=\"http:\/\/dinrost.goteborg.se\/wp-content\/uploads\/2022\/04\/8sidor.png\" alt=\"\" class=\"wp-image-33\" style=\"width:256px;height:29px\" srcset=\"https:\/\/dinrost.goteborg.se\/wp-content\/uploads\/2022\/04\/8sidor.png 907w, https:\/\/dinrost.goteborg.se\/wp-content\/uploads\/2022\/04\/8sidor-300x34.png 300w, https:\/\/dinrost.goteborg.se\/wp-content\/uploads\/2022\/04\/8sidor-768x87.png 768w\" sizes=\"auto, (max-width: 907px) 100vw, 907px\" \/><\/a><\/figure>\n\n\n\n<p>P\u00e5 8 sidor kan du l\u00e4ra dig om<\/p>\n\n\n\n<p><a href=\"https:\/\/8sidor.se\/sa-rostar-du\/\">S\u00e5 r\u00f6star du<br><\/a><a href=\"https:\/\/8sidor.se\/vem-far-rosta\/\">Vem f\u00e5r r\u00f6sta?<br><\/a><a href=\"https:\/\/8sidor.se\/rosta-i-andra-lander\/\">R\u00f6sta i andra l\u00e4nder<br><\/a><a href=\"https:\/\/8sidor.se\/alla-roster-ar-lika-mycket-varda\/\">Alla r\u00f6ster \u00e4r lika mycket v\u00e4rda<br><\/a><a href=\"https:\/\/8sidor.se\/ingen-tvingas-att-rosta\/\">Ingen tvingas att r\u00f6sta<br><\/a><a href=\"https:\/\/8sidor.se\/vad-du-rostar-pa-ar-hemligt\/\">Vad du r\u00f6star p\u00e5 \u00e4r hemligt<\/a><\/p>\n\n\n\n<figure class=\"wp-block-image size-full is-resized\"><a href=\"https:\/\/8sidor.se\/wp-content\/uploads\/2022\/02\/Dags-att-rosta_Valskola2022.pdf\"><img loading=\"lazy\" decoding=\"async\" width=\"544\" height=\"740\" src=\"http:\/\/dinrost.goteborg.se\/wp-content\/uploads\/2022\/04\/dagsatt.png\" alt=\"\" class=\"wp-image-34\" style=\"width:268px;height:365px\" srcset=\"https:\/\/dinrost.goteborg.se\/wp-content\/uploads\/2022\/04\/dagsatt.png 544w, https:\/\/dinrost.goteborg.se\/wp-content\/uploads\/2022\/04\/dagsatt-221x300.png 221w\" sizes=\"auto, (max-width: 544px) 100vw, 544px\" \/><\/a><\/figure>\n\n\n\n<p>8 Sidor har gjort en bok om valet.<br>Du kan ladda ner den gratis.<br><a href=\"https:\/\/8sidor.se\/wp-content\/uploads\/2022\/02\/Dags-att-rosta_Valskola2022.pdf\">L\u00e4s eller ladda ner boken <\/a><\/p>\n\n\n\n<p><\/p>\n\n\n\n<figure class=\"wp-block-image size-full is-resized\"><a href=\"https:\/\/www.riksdagen.se\/globalassets\/15.-bestall-och-ladda-ned\/informationsmaterial\/sa-fungerar-sveriges-riksdag-211209-ll-webb.pdf\"><img loading=\"lazy\" decoding=\"async\" width=\"494\" height=\"700\" src=\"http:\/\/dinrost.goteborg.se\/wp-content\/uploads\/2022\/04\/riksdag.png\" alt=\"\" class=\"wp-image-37\" style=\"width:274px;height:388px\" srcset=\"https:\/\/dinrost.goteborg.se\/wp-content\/uploads\/2022\/04\/riksdag.png 494w, https:\/\/dinrost.goteborg.se\/wp-content\/uploads\/2022\/04\/riksdag-212x300.png 212w\" sizes=\"auto, (max-width: 494px) 100vw, 494px\" \/><\/a><\/figure>\n\n\n\n<p>Det finns en broschyr som heter<br>Sveriges riksdag p\u00e5 l\u00e4ttl\u00e4st svenska.<\/p>\n\n\n\n<p>I broschyren kan du l\u00e4sa om riksdagen<br>och demokratin<br>och om hur riksdagen arbetar.<br><\/p>\n\n\n\n<div data-wp-interactive=\"core\/file\" class=\"wp-block-file\"><object data-wp-bind--hidden=\"!state.hasPdfPreview\" hidden class=\"wp-block-file__embed\" data=\"https:\/\/dinrost.goteborg.se\/wp-content\/uploads\/2026\/01\/sa-fungerar-riksdagen-pa-lattlast-svenska-pdf-18-mb.pdf\" type=\"application\/pdf\" style=\"width:100%;height:600px\" aria-label=\"Inb\u00e4ddning av sa-fungerar-riksdagen-pa-lattlast-svenska-pdf-18-mb.\"><\/object><a id=\"wp-block-file--media-00f0957f-906c-4f79-b59d-58d81b8cf73a\" href=\"https:\/\/dinrost.goteborg.se\/wp-content\/uploads\/2026\/01\/sa-fungerar-riksdagen-pa-lattlast-svenska-pdf-18-mb.pdf\">sa-fungerar-riksdagen-pa-lattlast-svenska-pdf-18-mb<\/a><a href=\"https:\/\/dinrost.goteborg.se\/wp-content\/uploads\/2026\/01\/sa-fungerar-riksdagen-pa-lattlast-svenska-pdf-18-mb.pdf\" class=\"wp-block-file__button wp-element-button\" download aria-describedby=\"wp-block-file--media-00f0957f-906c-4f79-b59d-58d81b8cf73a\">Ladda ner<\/a><\/div>\n\n\n\n<p><\/p>\n","protected":false},"excerpt":{"rendered":"<p>P\u00e5 Valmyndigheten kan du l\u00e4ra dig om S\u00e5 fungerar demokratinFyra sorters valVem har r\u00f6str\u00e4tt?R\u00f6sta p\u00e5 parti och personS\u00e4tt att r\u00f6staR\u00e4kna r\u00f6sterOm Valmyndigheten P\u00e5 8 sidor kan du l\u00e4ra dig om S\u00e5 r\u00f6star duVem f\u00e5r r\u00f6sta?R\u00f6sta i andra l\u00e4nderAlla r\u00f6ster \u00e4r lika mycket v\u00e4rdaIngen tvingas att r\u00f6staVad du r\u00f6star p\u00e5 \u00e4r hemligt 8 Sidor har gjort &hellip; <a href=\"https:\/\/dinrost.goteborg.se\/?page_id=31\" class=\"more-link\">Forts\u00e4tt l\u00e4sa <span class=\"screen-reader-text\">L\u00e4r dig om valet<\/span><\/a><\/p>\n","protected":false},"author":1,"featured_media":0,"parent":0,"menu_order":0,"comment_status":"closed","ping_status":"closed","template":"","meta":{"footnotes":""},"class_list":["post-31","page","type-page","status-publish","hentry"],"_links":{"self":[{"href":"https:\/\/dinrost.goteborg.se\/index.php?rest_route=\/wp\/v2\/pages\/31","targetHints":{"allow":["GET"]}}],"collection":[{"href":"https:\/\/dinrost.goteborg.se\/index.php?rest_route=\/wp\/v2\/pages"}],"about":[{"href":"https:\/\/dinrost.goteborg.se\/index.php?rest_route=\/wp\/v2\/types\/page"}],"author":[{"embeddable":true,"href":"https:\/\/dinrost.goteborg.se\/index.php?rest_route=\/wp\/v2\/users\/1"}],"replies":[{"embeddable":true,"href":"https:\/\/dinrost.goteborg.se\/index.php?rest_route=%2Fwp%2Fv2%2Fcomments&post=31"}],"version-history":[{"count":3,"href":"https:\/\/dinrost.goteborg.se\/index.php?rest_route=\/wp\/v2\/pages\/31\/revisions"}],"predecessor-version":[{"id":712,"href":"https:\/\/dinrost.goteborg.se\/index.php?rest_route=\/wp\/v2\/pages\/31\/revisions\/712"}],"wp:attachment":[{"href":"https:\/\/dinrost.goteborg.se\/index.php?rest_route=%2Fwp%2Fv2%2Fmedia&parent=31"}],"curies":[{"name":"wp","href":"https:\/\/api.w.org\/{rel}","templated":true}]}}