{"id":40,"date":"2026-01-29T10:18:00","date_gmt":"2026-01-29T09:18:00","guid":{"rendered":"http:\/\/dinrost.goteborg.se\/?page_id=40"},"modified":"2026-01-29T14:44:36","modified_gmt":"2026-01-29T13:44:36","slug":"sa-rostar-du","status":"publish","type":"page","link":"https:\/\/dinrost.goteborg.se\/?page_id=40","title":{"rendered":"S\u00e5 r\u00f6star du"},"content":{"rendered":"\n<figure class=\"wp-block-embed is-type-video is-provider-youtube wp-block-embed-youtube wp-embed-aspect-16-9 wp-has-aspect-ratio\"><div class=\"wp-block-embed__wrapper\">\n<iframe loading=\"lazy\" title=\"R\u00f6sta i vallokal\" width=\"660\" height=\"371\" src=\"https:\/\/www.youtube.com\/embed\/OwB-xre9Eg4?feature=oembed\" frameborder=\"0\" allow=\"accelerometer; autoplay; clipboard-write; encrypted-media; gyroscope; picture-in-picture; web-share\" referrerpolicy=\"strict-origin-when-cross-origin\" allowfullscreen><\/iframe>\n<\/div><\/figure>\n\n\n\n<figure class=\"wp-block-embed is-type-video is-provider-youtube wp-block-embed-youtube wp-embed-aspect-16-9 wp-has-aspect-ratio\"><div class=\"wp-block-embed__wrapper\">\n<iframe loading=\"lazy\" title=\"F\u00f6rtidsr\u00f6sta\" width=\"660\" height=\"371\" src=\"https:\/\/www.youtube.com\/embed\/pcHFV516ae4?feature=oembed\" frameborder=\"0\" allow=\"accelerometer; autoplay; clipboard-write; encrypted-media; gyroscope; picture-in-picture; web-share\" referrerpolicy=\"strict-origin-when-cross-origin\" allowfullscreen><\/iframe>\n<\/div><\/figure>\n\n\n\n<p><\/p>\n\n\n\n<figure class=\"wp-block-embed is-type-video is-provider-youtube wp-block-embed-youtube wp-embed-aspect-16-9 wp-has-aspect-ratio\"><div class=\"wp-block-embed__wrapper\">\n<iframe loading=\"lazy\" title=\"Personr\u00f6sta\" width=\"660\" height=\"371\" src=\"https:\/\/www.youtube.com\/embed\/1DcaEV8fl5k?feature=oembed\" frameborder=\"0\" allow=\"accelerometer; autoplay; clipboard-write; encrypted-media; gyroscope; picture-in-picture; web-share\" referrerpolicy=\"strict-origin-when-cross-origin\" allowfullscreen><\/iframe>\n<\/div><\/figure>\n\n\n\n<p><\/p>\n\n\n\n<figure class=\"wp-block-embed is-type-video is-provider-youtube wp-block-embed-youtube wp-embed-aspect-16-9 wp-has-aspect-ratio\"><div class=\"wp-block-embed__wrapper\">\n<iframe loading=\"lazy\" title=\"Budr\u00f6sta i valen till riksdagen, region- och kommunfullm\u00e4ktige\" width=\"660\" height=\"371\" src=\"https:\/\/www.youtube.com\/embed\/07gWyqmeleU?feature=oembed\" frameborder=\"0\" allow=\"accelerometer; autoplay; clipboard-write; encrypted-media; gyroscope; picture-in-picture; web-share\" referrerpolicy=\"strict-origin-when-cross-origin\" allowfullscreen><\/iframe>\n<\/div><\/figure>\n\n\n\n<p><\/p>\n\n\n\n<figure class=\"wp-block-embed is-type-video is-provider-youtube wp-block-embed-youtube wp-embed-aspect-16-9 wp-has-aspect-ratio\"><div class=\"wp-block-embed__wrapper\">\n<iframe loading=\"lazy\" title=\"S\u00e5 g\u00e5r det till att r\u00f6sta\" width=\"660\" height=\"371\" src=\"https:\/\/www.youtube.com\/embed\/X1Vmj8H0ne8?feature=oembed\" frameborder=\"0\" allow=\"accelerometer; autoplay; clipboard-write; encrypted-media; gyroscope; picture-in-picture; web-share\" referrerpolicy=\"strict-origin-when-cross-origin\" allowfullscreen><\/iframe>\n<\/div><\/figure>\n\n\n\n<p><\/p>\n\n\n\n<figure class=\"wp-block-image size-large\"><img loading=\"lazy\" decoding=\"async\" width=\"1024\" height=\"446\" src=\"https:\/\/dinrost.goteborg.se\/wp-content\/uploads\/2022\/04\/valsedlar-1024x446.png\" alt=\"\" class=\"wp-image-46\" srcset=\"https:\/\/dinrost.goteborg.se\/wp-content\/uploads\/2022\/04\/valsedlar-1024x446.png 1024w, https:\/\/dinrost.goteborg.se\/wp-content\/uploads\/2022\/04\/valsedlar-300x131.png 300w, https:\/\/dinrost.goteborg.se\/wp-content\/uploads\/2022\/04\/valsedlar-768x335.png 768w, https:\/\/dinrost.goteborg.se\/wp-content\/uploads\/2022\/04\/valsedlar.png 1487w\" sizes=\"auto, (max-width: 1024px) 100vw, 1024px\" \/><figcaption class=\"wp-element-caption\"><strong>Vit valsedel<\/strong>&nbsp;&#8211; Kommun<br><strong>Bl\u00e5 valsedel<\/strong>&nbsp;&#8211; Region<br><strong>Gul valsedel<\/strong>&nbsp;&#8211; riksdag<\/figcaption><\/figure>\n\n\n\n<p><a href=\"https:\/\/www.val.se\/servicelankar\/servicelankar\/lattlast\/satt-att-rosta\" data-type=\"link\" data-id=\"https:\/\/www.val.se\/servicelankar\/servicelankar\/lattlast\/satt-att-rosta\">P\u00e5 Valmyndighetens webbsida kan du l\u00e4sa om hur du kan r\u00f6sta p\u00e5 olika s\u00e4tt.<\/a><\/p>\n\n\n\n<p> <\/p>\n\n\n\n<p><\/p>\n","protected":false},"excerpt":{"rendered":"<p>P\u00e5 Valmyndighetens webbsida kan du l\u00e4sa om hur du kan r\u00f6sta p\u00e5 olika s\u00e4tt.<\/p>\n","protected":false},"author":1,"featured_media":0,"parent":0,"menu_order":0,"comment_status":"closed","ping_status":"closed","template":"","meta":{"footnotes":""},"class_list":["post-40","page","type-page","status-publish","hentry"],"_links":{"self":[{"href":"https:\/\/dinrost.goteborg.se\/index.php?rest_route=\/wp\/v2\/pages\/40","targetHints":{"allow":["GET"]}}],"collection":[{"href":"https:\/\/dinrost.goteborg.se\/index.php?rest_route=\/wp\/v2\/pages"}],"about":[{"href":"https:\/\/dinrost.goteborg.se\/index.php?rest_route=\/wp\/v2\/types\/page"}],"author":[{"embeddable":true,"href":"https:\/\/dinrost.goteborg.se\/index.php?rest_route=\/wp\/v2\/users\/1"}],"replies":[{"embeddable":true,"href":"https:\/\/dinrost.goteborg.se\/index.php?rest_route=%2Fwp%2Fv2%2Fcomments&post=40"}],"version-history":[{"count":11,"href":"https:\/\/dinrost.goteborg.se\/index.php?rest_route=\/wp\/v2\/pages\/40\/revisions"}],"predecessor-version":[{"id":688,"href":"https:\/\/dinrost.goteborg.se\/index.php?rest_route=\/wp\/v2\/pages\/40\/revisions\/688"}],"wp:attachment":[{"href":"https:\/\/dinrost.goteborg.se\/index.php?rest_route=%2Fwp%2Fv2%2Fmedia&parent=40"}],"curies":[{"name":"wp","href":"https:\/\/api.w.org\/{rel}","templated":true}]}}